{"id":27,"date":"2018-02-22T23:34:26","date_gmt":"2018-02-22T21:34:26","guid":{"rendered":"http:\/\/7aufweltreise.de\/?page_id=27"},"modified":"2019-10-22T21:39:56","modified_gmt":"2019-10-22T19:39:56","slug":"reiselust","status":"publish","type":"page","link":"https:\/\/7aufweltreise.de\/index.php\/die-sieben-weltreisenden\/reiselust\/","title":{"rendered":"Reiselust als Lebensmotto"},"content":{"rendered":"<p>Es passiert im Januar 2017, pl\u00f6tzlich und unerwartet packt es uns: das Reisefieber. Und es wird eine Idee geboren, die wir selbst erst nach und nach begreifen: Wir wollen mit unseren Kindern zwei Jahre um die Welt reisen. Im Sommer 2018 soll es losgehen.<\/p>\n<p>In den kommenden Tagen, Wochen und Monaten entstehen Ideen, werden Pl\u00e4ne geschmiedet, werden Gedanken verworfen und konkrete Projekte gleich umgesetzt. Wir sprechen mit vielen Menschen, informieren uns auf verschiedenen Kan\u00e4len, verkleinern unseren Hausstand, l\u00f6sen b\u00fcrokratische R\u00e4tsel und kommen in einen Flow, der ein Zur\u00fcck nicht mehr zul\u00e4sst. Marko entwickelt Finanzierungsmodelle, kauft unseren Sprinter (zun\u00e4chst als Zugmaschine f\u00fcr den Wohnwagen, den wir erst planten mitzunehmen) und nebenher l\u00e4uft der Alltag unserer siebenk\u00f6pfigen Familie.<\/p>\n<p>Wir entscheiden, unsere Wohnung in Stuttgart zu k\u00fcndigen und trennen uns von vielen Dingen. Nur was f\u00fcr uns wichtig oder wertvoll ist, lagern wir ein. Es f\u00fchlt sich gut an, das Leben von Ballast zu befreien. Unfassbar viele Dinge haben wir angesammelt, von denen wir uns ganz problemlos trennen k\u00f6nnen.<\/p>\n<p>Im Januar 2018 auf der CMT (der Stuttgarter Reisemesse) entscheiden wir spontan, den Wohnwagen zuhause zu lassen und stattdessen zwei Dachzelte auf den Sprinter zu bauen. Bei CAMPWERK lernen wir das s\u00fcdkoreanische Hardtop-Dachzelt iKamper kennen und sind begeistert. Ein Dachzelt mit genug Platz f\u00fcr vier Personen. Dieses in Kombination mit dem kleineren CAMPWERK Eigenmodell sollte uns doch reichen. Au\u00dferdem wird ohne den Wohnwagen die \u00dcberf\u00fchrung mit dem Schiff g\u00fcnstiger und wir gewinnen viel Flexibilit\u00e4t. Marko sucht noch am Abend die Daten f\u00fcr die Dachfl\u00e4che des Sprinters &#8211; wo beginnt die Kr\u00fcmmung \u00fcber dem Fahrerhaus, wie viele Dachtr\u00e4ger k\u00f6nnen aufgebaut werden usw. &#8211; zusammen und wir machen am n\u00e4chsten Tag die Bestellung f\u00fcr beide Zelte zum Messepreis fix.<\/p>\n<p>Aber wo reisen wir eigentlich zuerst hin? So vieles gibt es auf der Welt zu sehen, was davon taugt uns? Recht schnell entscheiden wir, zun\u00e4chst in der vertrauten westlichen Welt zu bleiben, wo wir uns englisch verst\u00e4ndigen k\u00f6nnen, wo wir fehlende Dinge problemlos kaufen k\u00f6nnen und auch Probleme mit dem Auto m\u00f6glicherweise einfacher gel\u00f6st werden k\u00f6nnen. So beschlie\u00dfen wir, an der Ostk\u00fcste Kanadas, in Halifax zu starten. Wir wollen Kanada durchqueren und uns dann von Vancouver s\u00fcdw\u00e4rts durch die USA und Mittelamerika bis nach Panama bewegen. Von dort soll es noch nach S\u00fcdafrika und in den asiatischen Raum gehen, wie genau ist ab Panama noch offen.<br \/>\nAlso buchen unsere Fl\u00fcge nach Halifax und bei Seabridge die RoRo-F\u00e4hre ab Hamburg f\u00fcr das Auto. Organisieren ein gro\u00dfes Abschiedsfest und starten&#8230;<\/p>\n<p>\u2026 am 30. Juni 2018 in unser neues Leben als FAMILIE AUF WELTREISE.<\/p>\n","protected":false},"excerpt":{"rendered":"<p>Es passiert im Januar 2017, pl\u00f6tzlich und unerwartet packt es uns: das Reisefieber. Und es wird eine Idee geboren, die wir selbst erst nach und nach begreifen: Wir wollen mit unseren Kindern zwei Jahre um die Welt reisen. Im Sommer<\/p>\n","protected":false},"author":2,"featured_media":1643,"parent":1192,"menu_order":0,"comment_status":"closed","ping_status":"closed","template":"","meta":[],"yoast_head":"<!-- This site is optimized with the Yoast SEO plugin v20.13 - https:\/\/yoast.com\/wordpress\/plugins\/seo\/ -->\n<title>Reiselust als Lebensmotto - 7 auf Weltreise<\/title>\n<meta name=\"robots\" content=\"index, follow, max-snippet:-1, max-image-preview:large, max-video-preview:-1\" \/>\n<link rel=\"canonical\" href=\"https:\/\/7aufweltreise.de\/index.php\/die-sieben-weltreisenden\/reiselust\/\" \/>\n<meta property=\"og:locale\" content=\"de_DE\" \/>\n<meta property=\"og:type\" content=\"article\" \/>\n<meta property=\"og:title\" content=\"Reiselust als Lebensmotto - 7 auf Weltreise\" \/>\n<meta property=\"og:description\" content=\"Es passiert im Januar 2017, pl\u00f6tzlich und unerwartet packt es uns: das Reisefieber. Und es wird eine Idee geboren, die wir selbst erst nach und nach begreifen: Wir wollen mit unseren Kindern zwei Jahre um die Welt reisen. Im Sommer\" \/>\n<meta property=\"og:url\" content=\"https:\/\/7aufweltreise.de\/index.php\/die-sieben-weltreisenden\/reiselust\/\" \/>\n<meta property=\"og:site_name\" content=\"7 auf Weltreise\" \/>\n<meta property=\"article:publisher\" content=\"https:\/\/www.facebook.com\/7aufweltreise.de\/\" \/>\n<meta property=\"article:modified_time\" content=\"2019-10-22T19:39:56+00:00\" \/>\n<meta property=\"og:image\" content=\"https:\/\/7aufweltreise.de\/wp-content\/uploads\/2018\/11\/DSC_4499-1536x1020.jpg\" \/>\n\t<meta property=\"og:image:width\" content=\"1536\" \/>\n\t<meta property=\"og:image:height\" content=\"1020\" \/>\n\t<meta property=\"og:image:type\" content=\"image\/jpeg\" \/>\n<meta name=\"twitter:card\" content=\"summary_large_image\" \/>\n<meta name=\"twitter:label1\" content=\"Gesch\u00e4tzte Lesezeit\" \/>\n\t<meta name=\"twitter:data1\" content=\"2\u00a0Minuten\" \/>\n<script type=\"application\/ld+json\" class=\"yoast-schema-graph\">{\"@context\":\"https:\/\/schema.org\",\"@graph\":[{\"@type\":\"WebPage\",\"@id\":\"https:\/\/7aufweltreise.de\/index.php\/die-sieben-weltreisenden\/reiselust\/\",\"url\":\"https:\/\/7aufweltreise.de\/index.php\/die-sieben-weltreisenden\/reiselust\/\",\"name\":\"Reiselust als Lebensmotto - 7 auf Weltreise\",\"isPartOf\":{\"@id\":\"https:\/\/7aufweltreise.de\/#website\"},\"datePublished\":\"2018-02-22T21:34:26+00:00\",\"dateModified\":\"2019-10-22T19:39:56+00:00\",\"breadcrumb\":{\"@id\":\"https:\/\/7aufweltreise.de\/index.php\/die-sieben-weltreisenden\/reiselust\/#breadcrumb\"},\"inLanguage\":\"de\",\"potentialAction\":[{\"@type\":\"ReadAction\",\"target\":[\"https:\/\/7aufweltreise.de\/index.php\/die-sieben-weltreisenden\/reiselust\/\"]}]},{\"@type\":\"BreadcrumbList\",\"@id\":\"https:\/\/7aufweltreise.de\/index.php\/die-sieben-weltreisenden\/reiselust\/#breadcrumb\",\"itemListElement\":[{\"@type\":\"ListItem\",\"position\":1,\"name\":\"Startseite\",\"item\":\"https:\/\/7aufweltreise.de\/\"},{\"@type\":\"ListItem\",\"position\":2,\"name\":\"Die sieben Weltreisenden\",\"item\":\"https:\/\/7aufweltreise.de\/index.php\/die-sieben-weltreisenden\/\"},{\"@type\":\"ListItem\",\"position\":3,\"name\":\"Reiselust als Lebensmotto\"}]},{\"@type\":\"WebSite\",\"@id\":\"https:\/\/7aufweltreise.de\/#website\",\"url\":\"https:\/\/7aufweltreise.de\/\",\"name\":\"7 auf Weltreise\",\"description\":\"Willkommen auf unserem Weltreise-Blog. Sieben Menschen, eine Reise, zur\u00fcck zum Familiengl\u00fcck. Die Geschichte unserer Auszeit in der Welt. \",\"potentialAction\":[{\"@type\":\"SearchAction\",\"target\":{\"@type\":\"EntryPoint\",\"urlTemplate\":\"https:\/\/7aufweltreise.de\/?s={search_term_string}\"},\"query-input\":\"required name=search_term_string\"}],\"inLanguage\":\"de\"}]}<\/script>\n<!-- \/ Yoast SEO plugin. -->","yoast_head_json":{"title":"Reiselust als Lebensmotto - 7 auf Weltreise","robots":{"index":"index","follow":"follow","max-snippet":"max-snippet:-1","max-image-preview":"max-image-preview:large","max-video-preview":"max-video-preview:-1"},"canonical":"https:\/\/7aufweltreise.de\/index.php\/die-sieben-weltreisenden\/reiselust\/","og_locale":"de_DE","og_type":"article","og_title":"Reiselust als Lebensmotto - 7 auf Weltreise","og_description":"Es passiert im Januar 2017, pl\u00f6tzlich und unerwartet packt es uns: das Reisefieber. Und es wird eine Idee geboren, die wir selbst erst nach und nach begreifen: Wir wollen mit unseren Kindern zwei Jahre um die Welt reisen. Im Sommer","og_url":"https:\/\/7aufweltreise.de\/index.php\/die-sieben-weltreisenden\/reiselust\/","og_site_name":"7 auf Weltreise","article_publisher":"https:\/\/www.facebook.com\/7aufweltreise.de\/","article_modified_time":"2019-10-22T19:39:56+00:00","og_image":[{"width":1536,"height":1020,"url":"https:\/\/7aufweltreise.de\/wp-content\/uploads\/2018\/11\/DSC_4499-1536x1020.jpg","type":"image\/jpeg"}],"twitter_card":"summary_large_image","twitter_misc":{"Gesch\u00e4tzte Lesezeit":"2\u00a0Minuten"},"schema":{"@context":"https:\/\/schema.org","@graph":[{"@type":"WebPage","@id":"https:\/\/7aufweltreise.de\/index.php\/die-sieben-weltreisenden\/reiselust\/","url":"https:\/\/7aufweltreise.de\/index.php\/die-sieben-weltreisenden\/reiselust\/","name":"Reiselust als Lebensmotto - 7 auf Weltreise","isPartOf":{"@id":"https:\/\/7aufweltreise.de\/#website"},"datePublished":"2018-02-22T21:34:26+00:00","dateModified":"2019-10-22T19:39:56+00:00","breadcrumb":{"@id":"https:\/\/7aufweltreise.de\/index.php\/die-sieben-weltreisenden\/reiselust\/#breadcrumb"},"inLanguage":"de","potentialAction":[{"@type":"ReadAction","target":["https:\/\/7aufweltreise.de\/index.php\/die-sieben-weltreisenden\/reiselust\/"]}]},{"@type":"BreadcrumbList","@id":"https:\/\/7aufweltreise.de\/index.php\/die-sieben-weltreisenden\/reiselust\/#breadcrumb","itemListElement":[{"@type":"ListItem","position":1,"name":"Startseite","item":"https:\/\/7aufweltreise.de\/"},{"@type":"ListItem","position":2,"name":"Die sieben Weltreisenden","item":"https:\/\/7aufweltreise.de\/index.php\/die-sieben-weltreisenden\/"},{"@type":"ListItem","position":3,"name":"Reiselust als Lebensmotto"}]},{"@type":"WebSite","@id":"https:\/\/7aufweltreise.de\/#website","url":"https:\/\/7aufweltreise.de\/","name":"7 auf Weltreise","description":"Willkommen auf unserem Weltreise-Blog. Sieben Menschen, eine Reise, zur\u00fcck zum Familiengl\u00fcck. Die Geschichte unserer Auszeit in der Welt. ","potentialAction":[{"@type":"SearchAction","target":{"@type":"EntryPoint","urlTemplate":"https:\/\/7aufweltreise.de\/?s={search_term_string}"},"query-input":"required name=search_term_string"}],"inLanguage":"de"}]}},"_links":{"self":[{"href":"https:\/\/7aufweltreise.de\/index.php\/wp-json\/wp\/v2\/pages\/27"}],"collection":[{"href":"https:\/\/7aufweltreise.de\/index.php\/wp-json\/wp\/v2\/pages"}],"about":[{"href":"https:\/\/7aufweltreise.de\/index.php\/wp-json\/wp\/v2\/types\/page"}],"author":[{"embeddable":true,"href":"https:\/\/7aufweltreise.de\/index.php\/wp-json\/wp\/v2\/users\/2"}],"replies":[{"embeddable":true,"href":"https:\/\/7aufweltreise.de\/index.php\/wp-json\/wp\/v2\/comments?post=27"}],"version-history":[{"count":7,"href":"https:\/\/7aufweltreise.de\/index.php\/wp-json\/wp\/v2\/pages\/27\/revisions"}],"predecessor-version":[{"id":2208,"href":"https:\/\/7aufweltreise.de\/index.php\/wp-json\/wp\/v2\/pages\/27\/revisions\/2208"}],"up":[{"embeddable":true,"href":"https:\/\/7aufweltreise.de\/index.php\/wp-json\/wp\/v2\/pages\/1192"}],"wp:featuredmedia":[{"embeddable":true,"href":"https:\/\/7aufweltreise.de\/index.php\/wp-json\/wp\/v2\/media\/1643"}],"wp:attachment":[{"href":"https:\/\/7aufweltreise.de\/index.php\/wp-json\/wp\/v2\/media?parent=27"}],"curies":[{"name":"wp","href":"https:\/\/api.w.org\/{rel}","templated":true}]}}