{"id":28,"date":"2018-02-22T23:34:27","date_gmt":"2018-02-22T22:34:27","guid":{"rendered":"http:\/\/7aufweltreise.de\/?page_id=28"},"modified":"2022-09-04T09:18:40","modified_gmt":"2022-09-04T07:18:40","slug":"kontakt","status":"publish","type":"page","link":"https:\/\/7aufweltreise.de\/index.php\/kontakt\/","title":{"rendered":"Kontakt"},"content":{"rendered":"<p>Wir sind \u00fcber folgende Kan\u00e4le zu erreichen:<\/p>\n<ul>\n<li>die Kommentarfunktion am Ende jedes Beitrages und im G\u00e4stebuch<\/li>\n<li>das Kontaktformular am Ende dieser Seite<\/li>\n<li>per E-Mail: <a href=\"mailto:marko@von-oppen.com\">marko@von-oppen.com<\/a><\/li>\n<li>\u00fcber den <i>Telegram Messenger<\/i> <a href=\"https:\/\/t.me\/de7aufweltreise\">https:\/\/t.me\/de7aufweltreise<\/a><\/li>\n<\/ul>\n<h2>Kontaktformular<\/h2>\n<form name=\"vscf_28\" id=\"vscf\" class=\"vscf-shortcode\" method=\"post\">\r\n\t<div class=\"form-group vscf-name-group\">\r\n\t\t<label for=\"vscf_name\" class=\"vscf-label\">Name <\/label>\r\n\t\t<input type=\"text\" name=\"vscf_name_28\" id=\"vscf_name\"  class=\"form-control\" placeholder=\"\" value=\"\" minlength=\"2\" maxlength=\"100\" aria-required=\"true\" \/>\r\n\t\t\r\n\t<\/div>\r\n\t<div class=\"form-group vscf-email-group\">\r\n\t\t<label for=\"vscf_email\" class=\"vscf-label\">E-Mail <\/label>\r\n\t\t<input type=\"email\" name=\"vscf_email_28\" id=\"vscf_email\"  class=\"form-control\" placeholder=\"\" value=\"\" maxlength=\"100\" aria-required=\"true\" \/>\r\n\t\t\r\n\t<\/div>\r\n\t\r\n\t\t<div class=\"form-group vscf-subject-group\">\r\n\t\t\t<label for=\"vscf_subject\" class=\"vscf-label\">Betreff <\/label>\r\n\t\t\t<input type=\"text\" name=\"vscf_subject_28\" id=\"vscf_subject\"  class=\"form-control\" placeholder=\"\" value=\"\" minlength=\"2\" maxlength=\"100\" aria-required=\"true\" \/>\r\n\t\t\t\r\n\t\t<\/div>\r\n\t\r\n\t\r\n\t\t<div class=\"form-group vscf-sum-group\">\r\n\t\t\t<label for=\"vscf_sum\" class=\"vscf-label\">9 + 7 =<\/label>\r\n\t\t\t<input type=\"text\" name=\"vscf_sum_28\" id=\"vscf_sum\"  class=\"form-control\" placeholder=\"\" value=\"\" pattern=\"[0-9]{1,2}\" maxlength=\"100\" aria-required=\"true\" \/>\r\n\t\t\t\r\n\t\t<\/div>\r\n\t\r\n\t<div class=\"form-group vscf-hide\">\r\n\t\t<label for=\"vscf_first_random\">Please ignore this field<\/label>\r\n\t\t<input type=\"text\" name=\"vscf_first_random_28\" id=\"vscf_first_random\" class=\"form-control\" tabindex=\"-1\" value=\"\" maxlength=\"100\" \/>\r\n\t<\/div>\r\n\t<div class=\"form-group vscf-hide\">\r\n\t\t<label for=\"vscf_second_random\">Please ignore this field<\/label>\r\n\t\t<input type=\"text\" name=\"vscf_second_random_28\" id=\"vscf_second_random\" class=\"form-control\" tabindex=\"-1\" value=\"\" maxlength=\"100\" \/>\r\n\t<\/div>\r\n\t<div class=\"form-group vscf-message-group\">\r\n\t\t<label for=\"vscf_message\" class=\"vscf-label\">Nachricht <\/label>\r\n\t\t<textarea name=\"vscf_message_28\" id=\"vscf_message\" rows=\"10\"  class=\"form-control\" placeholder=\"\" minlength=\"10\" maxlength=\"10000\" aria-required=\"true\"><\/textarea>\r\n\t\t\r\n\t<\/div>\r\n\t<div class=\"form-group vscf-display-none\">\r\n\t\t<input type=\"hidden\" name=\"vscf_time_28\" id=\"vscf_time\" class=\"form-control\" value=\"1776457821\" \/>\r\n\t<\/div>\r\n\t\r\n\t<div class=\"form-group vscf-display-none\">\r\n\t\t<input type=\"hidden\" id=\"vscf_nonce\" name=\"vscf_nonce\" value=\"24ec75a07d\" \/><input type=\"hidden\" name=\"_wp_http_referer\" value=\"\/index.php\/wp-json\/wp\/v2\/pages\/28\" \/>\r\n\t<\/div>\r\n\t<div class=\"form-group vscf-submit-group\">\r\n\t\t<button type=\"submit\" name=\"vscf_send_28\" id=\"vscf_send\" class=\"btn btn-primary\">Senden<\/button>\r\n\t<\/div>\r\n\t\r\n<\/form>\n","protected":false},"excerpt":{"rendered":"<p>Wir sind \u00fcber folgende Kan\u00e4le zu erreichen: die Kommentarfunktion am Ende jedes Beitrages und im G\u00e4stebuch das Kontaktformular am Ende dieser Seite per E-Mail: marko@von-oppen.com \u00fcber den Telegram Messenger https:\/\/t.me\/de7aufweltreise Kontaktformular<\/p>\n","protected":false},"author":1,"featured_media":1772,"parent":0,"menu_order":0,"comment_status":"closed","ping_status":"closed","template":"","meta":[],"yoast_head":"<!-- This site is optimized with the Yoast SEO plugin v20.13 - https:\/\/yoast.com\/wordpress\/plugins\/seo\/ -->\n<title>Kontakt - 7 auf Weltreise<\/title>\n<meta name=\"robots\" content=\"index, follow, max-snippet:-1, max-image-preview:large, max-video-preview:-1\" \/>\n<link rel=\"canonical\" href=\"https:\/\/7aufweltreise.de\/index.php\/kontakt\/\" \/>\n<meta property=\"og:locale\" content=\"de_DE\" \/>\n<meta property=\"og:type\" content=\"article\" \/>\n<meta property=\"og:title\" content=\"Kontakt - 7 auf Weltreise\" \/>\n<meta property=\"og:description\" content=\"Wir sind \u00fcber folgende Kan\u00e4le zu erreichen: die Kommentarfunktion am Ende jedes Beitrages und im G\u00e4stebuch das Kontaktformular am Ende dieser Seite per E-Mail: marko@von-oppen.com \u00fcber den Telegram Messenger https:\/\/t.me\/de7aufweltreise Kontaktformular\" \/>\n<meta property=\"og:url\" content=\"https:\/\/7aufweltreise.de\/index.php\/kontakt\/\" \/>\n<meta property=\"og:site_name\" content=\"7 auf Weltreise\" \/>\n<meta property=\"article:publisher\" content=\"https:\/\/www.facebook.com\/7aufweltreise.de\/\" \/>\n<meta property=\"article:modified_time\" content=\"2022-09-04T07:18:40+00:00\" \/>\n<meta property=\"og:image\" content=\"https:\/\/7aufweltreise.de\/wp-content\/uploads\/2018\/12\/img_2088-1-e1547011688856.jpg\" \/>\n\t<meta property=\"og:image:width\" content=\"3981\" \/>\n\t<meta property=\"og:image:height\" content=\"2136\" \/>\n\t<meta property=\"og:image:type\" content=\"image\/jpeg\" \/>\n<meta name=\"twitter:card\" content=\"summary_large_image\" \/>\n<meta name=\"twitter:label1\" content=\"Gesch\u00e4tzte Lesezeit\" \/>\n\t<meta name=\"twitter:data1\" content=\"1\u00a0Minute\" \/>\n<script type=\"application\/ld+json\" class=\"yoast-schema-graph\">{\"@context\":\"https:\/\/schema.org\",\"@graph\":[{\"@type\":\"WebPage\",\"@id\":\"https:\/\/7aufweltreise.de\/index.php\/kontakt\/\",\"url\":\"https:\/\/7aufweltreise.de\/index.php\/kontakt\/\",\"name\":\"Kontakt - 7 auf Weltreise\",\"isPartOf\":{\"@id\":\"https:\/\/7aufweltreise.de\/#website\"},\"datePublished\":\"2018-02-22T22:34:27+00:00\",\"dateModified\":\"2022-09-04T07:18:40+00:00\",\"breadcrumb\":{\"@id\":\"https:\/\/7aufweltreise.de\/index.php\/kontakt\/#breadcrumb\"},\"inLanguage\":\"de\",\"potentialAction\":[{\"@type\":\"ReadAction\",\"target\":[\"https:\/\/7aufweltreise.de\/index.php\/kontakt\/\"]}]},{\"@type\":\"BreadcrumbList\",\"@id\":\"https:\/\/7aufweltreise.de\/index.php\/kontakt\/#breadcrumb\",\"itemListElement\":[{\"@type\":\"ListItem\",\"position\":1,\"name\":\"Startseite\",\"item\":\"https:\/\/7aufweltreise.de\/\"},{\"@type\":\"ListItem\",\"position\":2,\"name\":\"Kontakt\"}]},{\"@type\":\"WebSite\",\"@id\":\"https:\/\/7aufweltreise.de\/#website\",\"url\":\"https:\/\/7aufweltreise.de\/\",\"name\":\"7 auf Weltreise\",\"description\":\"Willkommen auf unserem Weltreise-Blog. Sieben Menschen, eine Reise, zur\u00fcck zum Familiengl\u00fcck. Die Geschichte unserer Auszeit in der Welt. \",\"potentialAction\":[{\"@type\":\"SearchAction\",\"target\":{\"@type\":\"EntryPoint\",\"urlTemplate\":\"https:\/\/7aufweltreise.de\/?s={search_term_string}\"},\"query-input\":\"required name=search_term_string\"}],\"inLanguage\":\"de\"}]}<\/script>\n<!-- \/ Yoast SEO plugin. -->","yoast_head_json":{"title":"Kontakt - 7 auf Weltreise","robots":{"index":"index","follow":"follow","max-snippet":"max-snippet:-1","max-image-preview":"max-image-preview:large","max-video-preview":"max-video-preview:-1"},"canonical":"https:\/\/7aufweltreise.de\/index.php\/kontakt\/","og_locale":"de_DE","og_type":"article","og_title":"Kontakt - 7 auf Weltreise","og_description":"Wir sind \u00fcber folgende Kan\u00e4le zu erreichen: die Kommentarfunktion am Ende jedes Beitrages und im G\u00e4stebuch das Kontaktformular am Ende dieser Seite per E-Mail: marko@von-oppen.com \u00fcber den Telegram Messenger https:\/\/t.me\/de7aufweltreise Kontaktformular","og_url":"https:\/\/7aufweltreise.de\/index.php\/kontakt\/","og_site_name":"7 auf Weltreise","article_publisher":"https:\/\/www.facebook.com\/7aufweltreise.de\/","article_modified_time":"2022-09-04T07:18:40+00:00","og_image":[{"width":3981,"height":2136,"url":"https:\/\/7aufweltreise.de\/wp-content\/uploads\/2018\/12\/img_2088-1-e1547011688856.jpg","type":"image\/jpeg"}],"twitter_card":"summary_large_image","twitter_misc":{"Gesch\u00e4tzte Lesezeit":"1\u00a0Minute"},"schema":{"@context":"https:\/\/schema.org","@graph":[{"@type":"WebPage","@id":"https:\/\/7aufweltreise.de\/index.php\/kontakt\/","url":"https:\/\/7aufweltreise.de\/index.php\/kontakt\/","name":"Kontakt - 7 auf Weltreise","isPartOf":{"@id":"https:\/\/7aufweltreise.de\/#website"},"datePublished":"2018-02-22T22:34:27+00:00","dateModified":"2022-09-04T07:18:40+00:00","breadcrumb":{"@id":"https:\/\/7aufweltreise.de\/index.php\/kontakt\/#breadcrumb"},"inLanguage":"de","potentialAction":[{"@type":"ReadAction","target":["https:\/\/7aufweltreise.de\/index.php\/kontakt\/"]}]},{"@type":"BreadcrumbList","@id":"https:\/\/7aufweltreise.de\/index.php\/kontakt\/#breadcrumb","itemListElement":[{"@type":"ListItem","position":1,"name":"Startseite","item":"https:\/\/7aufweltreise.de\/"},{"@type":"ListItem","position":2,"name":"Kontakt"}]},{"@type":"WebSite","@id":"https:\/\/7aufweltreise.de\/#website","url":"https:\/\/7aufweltreise.de\/","name":"7 auf Weltreise","description":"Willkommen auf unserem Weltreise-Blog. Sieben Menschen, eine Reise, zur\u00fcck zum Familiengl\u00fcck. Die Geschichte unserer Auszeit in der Welt. ","potentialAction":[{"@type":"SearchAction","target":{"@type":"EntryPoint","urlTemplate":"https:\/\/7aufweltreise.de\/?s={search_term_string}"},"query-input":"required name=search_term_string"}],"inLanguage":"de"}]}},"_links":{"self":[{"href":"https:\/\/7aufweltreise.de\/index.php\/wp-json\/wp\/v2\/pages\/28"}],"collection":[{"href":"https:\/\/7aufweltreise.de\/index.php\/wp-json\/wp\/v2\/pages"}],"about":[{"href":"https:\/\/7aufweltreise.de\/index.php\/wp-json\/wp\/v2\/types\/page"}],"author":[{"embeddable":true,"href":"https:\/\/7aufweltreise.de\/index.php\/wp-json\/wp\/v2\/users\/1"}],"replies":[{"embeddable":true,"href":"https:\/\/7aufweltreise.de\/index.php\/wp-json\/wp\/v2\/comments?post=28"}],"version-history":[{"count":9,"href":"https:\/\/7aufweltreise.de\/index.php\/wp-json\/wp\/v2\/pages\/28\/revisions"}],"predecessor-version":[{"id":6408,"href":"https:\/\/7aufweltreise.de\/index.php\/wp-json\/wp\/v2\/pages\/28\/revisions\/6408"}],"wp:featuredmedia":[{"embeddable":true,"href":"https:\/\/7aufweltreise.de\/index.php\/wp-json\/wp\/v2\/media\/1772"}],"wp:attachment":[{"href":"https:\/\/7aufweltreise.de\/index.php\/wp-json\/wp\/v2\/media?parent=28"}],"curies":[{"name":"wp","href":"https:\/\/api.w.org\/{rel}","templated":true}]}}