

{"id":3345,"date":"2019-06-23T02:33:19","date_gmt":"2019-06-23T00:33:19","guid":{"rendered":"https:\/\/7aufweltreise.de\/?page_id=3345"},"modified":"2019-07-28T23:31:55","modified_gmt":"2019-07-28T21:31:55","slug":"belize-und-guatemala","status":"publish","type":"page","link":"https:\/\/7aufweltreise.de\/index.php\/reiseroute\/belize-und-guatemala\/","title":{"rendered":"Mittelamerika"},"content":{"rendered":"\n        <div id=\"map_ol3js_1\"\n             class=\"map undefined\"\n             data-map_name=\"undefined\"\n             data-map=\"map_ol3js_1\"\n             style=\"width:100%;\n                    max-width:100%;\n                    height:800px;\n                    display:block;\n                    overflow:hidden;\n                    border:2px solid grey;\">\n          <div id=\"map_ol3js_1_popup\" class=\"ol-popup\">\n            <a href=\"#\" id=\"map_ol3js_1_popup-closer\" class=\"ol-popup-closer\"><\/a>\n            <div id=\"map_ol3js_1_popup-content\"><\/div>\n          <\/div>\n        <\/div>\n    \n\n\t\t\t\t<script type=\"text\/javascript\">\n\t\t\t\t\ttranslations['openlayer'] = \"open layer\";\n\t\t\t\t\ttranslations['openlayerAtStartup'] = \"open layer at startup\";\n\t\t\t\t\ttranslations['generateLink'] = \"Der Link zur Karte mit ausgew\u00e4hlten Overlays und angezeigtem Ausschnitt\";\n\t\t\t\t\ttranslations['shortDescription'] = \"Kurzbeschreibung\";\n\t\t\t\t\ttranslations['generatedShortCode'] = \"to get a text control link paste this code in your wordpress editor\";\n\t\t\t\t\ttranslations['closeLayer'] = \"close layer\";\n\t\t\t\t\ttranslations['cantGenerateLink'] = \"put this string in the existing map short code to control this map\";\n\t\t\t  <\/script>\n\n\n\t\t\t  <script type=\"text\/javascript\">\n\t\t\t  vectorM['map_ol3js_1'] = [];\n\t        \n        var raster = getTileLayer(\"stamen_terrain\",\"56b12447ad36492a9fd1a035fafe02ea\");\t\t\t\n\n\t\t\t  var map_ol3js_1 = new ol.Map({\n\t\t\t\tinteractions: ol.interaction.defaults.defaults({mouseWheelZoom:false}),\n\t\t\t\tlayers: [raster],\n\t\t\t\ttarget: \"map_ol3js_1\",\n\t\t\t\tview: new ol.View({\n\t\t\t\t  center: ol.proj.transform([-90,14.5], \"EPSG:4326\", \"EPSG:3857\"),\n\t\t\t\t  zoom: 7\n\t\t\t\t})\n\t\t\t  });\n\t\t\t  \n    var style0 = {\n      \"Point\": [new ol.style.Style({\n\n          image: new ol.style.Icon({\n            anchor: [0.5, 41],\n            anchorXUnits: \"fraction\",\n            anchorYUnits: \"pixels\",\n            opacity: 0.75,\n            src: \"https:\/\/7aufweltreise.de\/wp-content\/plugins\/osm\/icons\/mic_blue_pinother_02.png\"\n          })\n      })],\n\n      \"LineString\": [new ol.style.Style({\n        stroke: new ol.style.Stroke({\n          color: \"blue\",\n          width: 8\n        })\n      })],\n      \"MultiLineString\": [new ol.style.Style({\n        stroke: new ol.style.Stroke({\n          color: \"blue\",\n          width: 4\n        })\n      })]\n    };\n\t\t  vectorL0 = new ol.layer.Vector({\n\n\t\t\tsource: new ol.source.Vector({\n\t\t  url:\"..\/..\/..\/..\/wp-content\/uploads\/osm_map\/Mittelamerika.kml\",\n\t\t\t  format: new ol.format.KML({ showPointNames: false})\n\t\t\t}),\n         zIndex: 92\n\t\t  });map_ol3js_1.addLayer(vectorL0);\n    var style1 = {\n      \"Point\": [new ol.style.Style({\n\n          image: new ol.style.Icon({\n            anchor: [0.5, 41],\n            anchorXUnits: \"fraction\",\n            anchorYUnits: \"pixels\",\n            opacity: 0.75,\n            src: \"https:\/\/7aufweltreise.de\/wp-content\/plugins\/osm\/icons\/mic_blue_pinother_02.png\"\n          })\n      })],\n\n      \"LineString\": [new ol.style.Style({\n        stroke: new ol.style.Stroke({\n          color: \"blue\",\n          width: 8\n        })\n      })],\n      \"MultiLineString\": [new ol.style.Style({\n        stroke: new ol.style.Stroke({\n          color: \"blue\",\n          width: 4\n        })\n      })]\n    };\n\t\t  vectorL1 = new ol.layer.Vector({\n\n\t\t\tsource: new ol.source.Vector({\n\t\t  url:\"..\/..\/..\/..\/wp-content\/uploads\/osm_map\/Waypoints_Mittelamerika.kml\",\n\t\t\t  format: new ol.format.KML({ showPointNames: false})\n\t\t\t}),\n         zIndex: 92\n\t\t  });map_ol3js_1.addLayer(vectorL1);addControls2Map(map_ol3js_1,1,0,3,1,5,6,7,1,1);\nosm_addPopupClickhandler(map_ol3js_1,  \"map_ol3js_1\"); \nosm_addMouseHover(map_ol3js_1); <\/script>\n\n\n\n<p>Bei Chetumal verlie\u00dfen wir Mexiko Richtung Belize. In Belize stoppten wir f\u00fcr ein Nach in Orange Walk Town. Nach einem kurzen Halt in Spanish Lookout bliebe wir noch einige Tage in San Ignacio, bevor es weiter ging nach Guatemala. In Guatemala war unser erster Stopp direkt in Tikal, der beeindruckendsten arch\u00e4ologischen Maya-St\u00e4tte \u00fcberhaupt. Von hier fuhren wir \u00fcber Flores, Rio Dulce und Geuatemala City in mehreren Etappen nach Antigua, wo wir mit Unterbrechungen drei Wochen verbrachten.<\/p>\n\n\n\n<p>Der Aufstieg zum Acatenango und der Lago de Atitl\u00e1n waren wirkliche Highlights unserer Reise. Von hier ging es weiter nach El Salvador. <\/p>\n\n\n\n<p><small>Die Karten auf dieser Seite verwenden <a href=\"https:\/\/www.openstreetmap.org\/\">Openstreetmap<\/a>.<br>Die Kartensymbole entstammen teilweise der Maps Icons Collection <a href=\"https:\/\/mapicons.mapsmarker.com\">https:\/\/mapicons.mapsmarker.com<\/a> und unterliegen den Lizenzbestimmungen der <a href=\"https:\/\/creativecommons.org\/licenses\/by-sa\/3.0\/\">Creative Commons Attribution-Share Alike 3.0 Unported license (CC BY SA 3.0)<\/a>.<\/small><\/p>\n","protected":false},"excerpt":{"rendered":"<p>Bei Chetumal verlie\u00dfen wir Mexiko Richtung Belize. In Belize stoppten wir f\u00fcr ein Nach in Orange Walk Town. Nach einem kurzen Halt in Spanish Lookout bliebe wir noch einige Tage in San Ignacio, bevor es weiter ging nach Guatemala. In<\/p>\n","protected":false},"author":1,"featured_media":0,"parent":1443,"menu_order":0,"comment_status":"closed","ping_status":"closed","template":"template-fullwidth.php","meta":[],"yoast_head":"<!-- This site is optimized with the Yoast SEO plugin v20.13 - https:\/\/yoast.com\/wordpress\/plugins\/seo\/ -->\n<title>Mittelamerika - 7 auf Weltreise<\/title>\n<meta name=\"robots\" content=\"index, follow, max-snippet:-1, max-image-preview:large, max-video-preview:-1\" \/>\n<link rel=\"canonical\" href=\"https:\/\/7aufweltreise.de\/index.php\/reiseroute\/belize-und-guatemala\/\" \/>\n<meta property=\"og:locale\" content=\"de_DE\" \/>\n<meta property=\"og:type\" content=\"article\" \/>\n<meta property=\"og:title\" content=\"Mittelamerika - 7 auf Weltreise\" \/>\n<meta property=\"og:description\" content=\"Bei Chetumal verlie\u00dfen wir Mexiko Richtung Belize. In Belize stoppten wir f\u00fcr ein Nach in Orange Walk Town. Nach einem kurzen Halt in Spanish Lookout bliebe wir noch einige Tage in San Ignacio, bevor es weiter ging nach Guatemala. In\" \/>\n<meta property=\"og:url\" content=\"https:\/\/7aufweltreise.de\/index.php\/reiseroute\/belize-und-guatemala\/\" \/>\n<meta property=\"og:site_name\" content=\"7 auf Weltreise\" \/>\n<meta property=\"article:publisher\" content=\"https:\/\/www.facebook.com\/7aufweltreise.de\/\" \/>\n<meta property=\"article:modified_time\" content=\"2019-07-28T21:31:55+00:00\" \/>\n<meta name=\"twitter:card\" content=\"summary_large_image\" \/>\n<meta name=\"twitter:label1\" content=\"Gesch\u00e4tzte Lesezeit\" \/>\n\t<meta name=\"twitter:data1\" content=\"1\u00a0Minute\" \/>\n<script type=\"application\/ld+json\" class=\"yoast-schema-graph\">{\"@context\":\"https:\/\/schema.org\",\"@graph\":[{\"@type\":\"WebPage\",\"@id\":\"https:\/\/7aufweltreise.de\/index.php\/reiseroute\/belize-und-guatemala\/\",\"url\":\"https:\/\/7aufweltreise.de\/index.php\/reiseroute\/belize-und-guatemala\/\",\"name\":\"Mittelamerika - 7 auf Weltreise\",\"isPartOf\":{\"@id\":\"https:\/\/7aufweltreise.de\/#website\"},\"datePublished\":\"2019-06-23T00:33:19+00:00\",\"dateModified\":\"2019-07-28T21:31:55+00:00\",\"breadcrumb\":{\"@id\":\"https:\/\/7aufweltreise.de\/index.php\/reiseroute\/belize-und-guatemala\/#breadcrumb\"},\"inLanguage\":\"de\",\"potentialAction\":[{\"@type\":\"ReadAction\",\"target\":[\"https:\/\/7aufweltreise.de\/index.php\/reiseroute\/belize-und-guatemala\/\"]}]},{\"@type\":\"BreadcrumbList\",\"@id\":\"https:\/\/7aufweltreise.de\/index.php\/reiseroute\/belize-und-guatemala\/#breadcrumb\",\"itemListElement\":[{\"@type\":\"ListItem\",\"position\":1,\"name\":\"Startseite\",\"item\":\"https:\/\/7aufweltreise.de\/\"},{\"@type\":\"ListItem\",\"position\":2,\"name\":\"Reiseroute\",\"item\":\"https:\/\/7aufweltreise.de\/index.php\/reiseroute\/\"},{\"@type\":\"ListItem\",\"position\":3,\"name\":\"Mittelamerika\"}]},{\"@type\":\"WebSite\",\"@id\":\"https:\/\/7aufweltreise.de\/#website\",\"url\":\"https:\/\/7aufweltreise.de\/\",\"name\":\"7 auf Weltreise\",\"description\":\"Willkommen auf unserem Weltreise-Blog. Sieben Menschen, eine Reise, zur\u00fcck zum Familiengl\u00fcck. Die Geschichte unserer Auszeit in der Welt. \",\"potentialAction\":[{\"@type\":\"SearchAction\",\"target\":{\"@type\":\"EntryPoint\",\"urlTemplate\":\"https:\/\/7aufweltreise.de\/?s={search_term_string}\"},\"query-input\":\"required name=search_term_string\"}],\"inLanguage\":\"de\"}]}<\/script>\n<!-- \/ Yoast SEO plugin. -->","yoast_head_json":{"title":"Mittelamerika - 7 auf Weltreise","robots":{"index":"index","follow":"follow","max-snippet":"max-snippet:-1","max-image-preview":"max-image-preview:large","max-video-preview":"max-video-preview:-1"},"canonical":"https:\/\/7aufweltreise.de\/index.php\/reiseroute\/belize-und-guatemala\/","og_locale":"de_DE","og_type":"article","og_title":"Mittelamerika - 7 auf Weltreise","og_description":"Bei Chetumal verlie\u00dfen wir Mexiko Richtung Belize. In Belize stoppten wir f\u00fcr ein Nach in Orange Walk Town. Nach einem kurzen Halt in Spanish Lookout bliebe wir noch einige Tage in San Ignacio, bevor es weiter ging nach Guatemala. In","og_url":"https:\/\/7aufweltreise.de\/index.php\/reiseroute\/belize-und-guatemala\/","og_site_name":"7 auf Weltreise","article_publisher":"https:\/\/www.facebook.com\/7aufweltreise.de\/","article_modified_time":"2019-07-28T21:31:55+00:00","twitter_card":"summary_large_image","twitter_misc":{"Gesch\u00e4tzte Lesezeit":"1\u00a0Minute"},"schema":{"@context":"https:\/\/schema.org","@graph":[{"@type":"WebPage","@id":"https:\/\/7aufweltreise.de\/index.php\/reiseroute\/belize-und-guatemala\/","url":"https:\/\/7aufweltreise.de\/index.php\/reiseroute\/belize-und-guatemala\/","name":"Mittelamerika - 7 auf Weltreise","isPartOf":{"@id":"https:\/\/7aufweltreise.de\/#website"},"datePublished":"2019-06-23T00:33:19+00:00","dateModified":"2019-07-28T21:31:55+00:00","breadcrumb":{"@id":"https:\/\/7aufweltreise.de\/index.php\/reiseroute\/belize-und-guatemala\/#breadcrumb"},"inLanguage":"de","potentialAction":[{"@type":"ReadAction","target":["https:\/\/7aufweltreise.de\/index.php\/reiseroute\/belize-und-guatemala\/"]}]},{"@type":"BreadcrumbList","@id":"https:\/\/7aufweltreise.de\/index.php\/reiseroute\/belize-und-guatemala\/#breadcrumb","itemListElement":[{"@type":"ListItem","position":1,"name":"Startseite","item":"https:\/\/7aufweltreise.de\/"},{"@type":"ListItem","position":2,"name":"Reiseroute","item":"https:\/\/7aufweltreise.de\/index.php\/reiseroute\/"},{"@type":"ListItem","position":3,"name":"Mittelamerika"}]},{"@type":"WebSite","@id":"https:\/\/7aufweltreise.de\/#website","url":"https:\/\/7aufweltreise.de\/","name":"7 auf Weltreise","description":"Willkommen auf unserem Weltreise-Blog. Sieben Menschen, eine Reise, zur\u00fcck zum Familiengl\u00fcck. Die Geschichte unserer Auszeit in der Welt. ","potentialAction":[{"@type":"SearchAction","target":{"@type":"EntryPoint","urlTemplate":"https:\/\/7aufweltreise.de\/?s={search_term_string}"},"query-input":"required name=search_term_string"}],"inLanguage":"de"}]}},"_links":{"self":[{"href":"https:\/\/7aufweltreise.de\/index.php\/wp-json\/wp\/v2\/pages\/3345"}],"collection":[{"href":"https:\/\/7aufweltreise.de\/index.php\/wp-json\/wp\/v2\/pages"}],"about":[{"href":"https:\/\/7aufweltreise.de\/index.php\/wp-json\/wp\/v2\/types\/page"}],"author":[{"embeddable":true,"href":"https:\/\/7aufweltreise.de\/index.php\/wp-json\/wp\/v2\/users\/1"}],"replies":[{"embeddable":true,"href":"https:\/\/7aufweltreise.de\/index.php\/wp-json\/wp\/v2\/comments?post=3345"}],"version-history":[{"count":12,"href":"https:\/\/7aufweltreise.de\/index.php\/wp-json\/wp\/v2\/pages\/3345\/revisions"}],"predecessor-version":[{"id":3749,"href":"https:\/\/7aufweltreise.de\/index.php\/wp-json\/wp\/v2\/pages\/3345\/revisions\/3749"}],"up":[{"embeddable":true,"href":"https:\/\/7aufweltreise.de\/index.php\/wp-json\/wp\/v2\/pages\/1443"}],"wp:attachment":[{"href":"https:\/\/7aufweltreise.de\/index.php\/wp-json\/wp\/v2\/media?parent=3345"}],"curies":[{"name":"wp","href":"https:\/\/api.w.org\/{rel}","templated":true}]}}